{"id":2,"date":"2025-07-16T15:45:21","date_gmt":"2025-07-16T15:45:21","guid":{"rendered":"https:\/\/bsc-hohen-neuendorf.de\/?page_id=2"},"modified":"2026-04-26T20:28:59","modified_gmt":"2026-04-26T20:28:59","slug":"homepage","status":"publish","type":"page","link":"https:\/\/bsc-hohen-neuendorf.de\/","title":{"rendered":"Startseite"},"content":{"rendered":"\t\t<div data-elementor-type=\"wp-page\" data-elementor-id=\"2\" class=\"elementor elementor-2\">\n\t\t\t\t<div class=\"elementor-element elementor-element-bab20b9 e-flex e-con-boxed e-con e-parent\" data-id=\"bab20b9\" data-element_type=\"container\" data-e-type=\"container\">\n\t\t\t\t\t<div class=\"e-con-inner\">\n\t\t\t\t<div class=\"elementor-element elementor-element-5d80704 elementor-widget elementor-widget-heading\" data-id=\"5d80704\" data-element_type=\"widget\" data-e-type=\"widget\" data-widget_type=\"heading.default\">\n\t\t\t\t\t<h1 class=\"elementor-heading-title elementor-size-default\">Vereins-News<\/h1>\t\t\t\t<\/div>\n\t\t\t\t\t<\/div>\n\t\t\t\t<\/div>\n\t\t<div class=\"elementor-element elementor-element-1036c24 e-flex e-con-boxed e-con e-parent\" data-id=\"1036c24\" data-element_type=\"container\" data-e-type=\"container\">\n\t\t\t\t\t<div class=\"e-con-inner\">\n\t\t\t\t<div class=\"elementor-element elementor-element-b1c3a78 elementor-widget elementor-widget-eael-image-accordion\" data-id=\"b1c3a78\" data-element_type=\"widget\" data-e-type=\"widget\" data-widget_type=\"eael-image-accordion.default\">\n\t\t\t\t\t    <div class=\"eael-img-accordion accordion-direction-horizontal eael-img-accordion-horizontal-align-center eael-img-accordion-vertical-align-center\" id=\"eael-img-accordion-b1c3a78\" data-img-accordion-id=\"b1c3a78\" data-img-accordion-type=\"on-hover\">\n                    \n            <div class=\"eael-image-accordion-hover eael-image-accordion-item\" style=\"background-image: url(https:\/\/bsc-hohen-neuendorf.de\/wp-content\/uploads\/2026\/04\/saengerstadtpokal26.jpg);\"  tabindex=\"0\">\n                <div class=\"overlay\">\n                                        <div class=\"overlay-inner \">\n                        <h2 class=\"img-accordion-title\">25.-26.04.: S\u00e4ngerstadtpokal in Finsterwalde<\/h2>                            <p><p>Mit vierfach erstem Platz einzeln und einem im Team erreichten S\u00e4ngerstadtpokal kehren unsere Mitglieder sehr erfolgreich zur\u00fcck nach Hause!<\/p><\/p>\n                                            <\/div>\n                <\/div>\n            <\/div>\n                    \n            <div class=\"eael-image-accordion-hover eael-image-accordion-item\" style=\"background-image: url(https:\/\/bsc-hohen-neuendorf.de\/wp-content\/uploads\/2026\/04\/11.Werderaner-Bogenlauf.jpg);\"  tabindex=\"0\">\n                <div class=\"overlay\">\n                                        <div class=\"overlay-inner \">\n                        <h2 class=\"img-accordion-title\">18.04.: 11. Werderaner Bogenlauf<\/h2>                            <p><p>Zum Werderaner Bogenlauf erzielten wir in Einzelwertung 2x Silber, 3x Bronze und jeweils 1x den 7. und 10. Platz! In der Staffel erreichten f\u00fcr uns mit nur einem Fehler Fridolin, Lemmy und Norma den 5. Platz!<\/p><\/p>\n                                            <\/div>\n                <\/div>\n            <\/div>\n                    \n            <div class=\"eael-image-accordion-hover eael-image-accordion-item\" style=\"background-image: url(https:\/\/bsc-hohen-neuendorf.de\/wp-content\/uploads\/2026\/04\/LM3D_Cottbus_2026.jpg);\"  tabindex=\"0\">\n                <div class=\"overlay\">\n                                        <div class=\"overlay-inner \">\n                        <h2 class=\"img-accordion-title\">11.-12.04.: Landesmeisterschaft 3D des BBSV<\/h2>                            <p><p>Am Wochenende des 11. und 12. April nahmen f\u00fcr uns Fabienne, Marko und Matthias an der LM 3D in Cottbus teil. Fabienne erreichte Gold, Marko und Matthias jeweils Silber!<\/p><\/p>\n                                            <\/div>\n                <\/div>\n            <\/div>\n                    \n            <div class=\"eael-image-accordion-hover eael-image-accordion-item\" style=\"background-image: url(https:\/\/bsc-hohen-neuendorf.de\/wp-content\/uploads\/2026\/03\/DM_BmV_2526.jpg);\"  tabindex=\"0\">\n                <div class=\"overlay\">\n                                        <div class=\"overlay-inner \">\n                        <h2 class=\"img-accordion-title\">28.-29.03.: Deutsche Meisterschaft des DBSV B\u00f6gen mit Visier<\/h2>                            <p><p>Unsere Jugendlichen erzielten im Team den 4. Platz, die Erwachsenen den 7. Platz! Einzeln reichte es bei Frederik f\u00fcr Bronze, Jenny 4., Jakob 6., Wenke 11., Jorik 16., Jeannine 16. und Tobias 26.<\/p><\/p>\n                                            <\/div>\n                <\/div>\n            <\/div>\n                    \n            <div class=\"eael-image-accordion-hover eael-image-accordion-item\" style=\"background-image: url(https:\/\/bsc-hohen-neuendorf.de\/wp-content\/uploads\/2026\/03\/Arbeitseinsatz_26.jpg);\"  tabindex=\"0\">\n                <div class=\"overlay\">\n                                        <div class=\"overlay-inner \">\n                        <h2 class=\"img-accordion-title\">28.03.: Mitgliederversammlung und Arbeitseinsatz<\/h2>                            <p><p>Am 28. hielten wir unsere j\u00e4hrliche Mitgliederversammlung und bereiteten den Bogenplatz auf die neue Saison vor. Nun kann es losgehen!<\/p><\/p>\n                                            <\/div>\n                <\/div>\n            <\/div>\n                <\/div>\n        <style typr=\"text\/css\">\n                    #eael-img-accordion-b1c3a78 .eael-image-accordion-hover:hover {\n                        flex: 3 1 0% !important;\n                    }\n                    #eael-img-accordion-b1c3a78 .eael-image-accordion-hover:hover:hover .overlay-inner * {\n                        opacity: 1;\n                        visibility: visible;\n                        transform: none;\n                        transition: all .3s .3s;\n                    }\n                <\/style>\t\t\t\t<\/div>\n\t\t\t\t\t<\/div>\n\t\t\t\t<\/div>\n\t\t<div class=\"elementor-element elementor-element-0b1061d e-flex e-con-boxed e-con e-parent\" data-id=\"0b1061d\" data-element_type=\"container\" data-e-type=\"container\">\n\t\t\t\t\t<div class=\"e-con-inner\">\n\t\t\t\t<div class=\"elementor-element elementor-element-2339dc8 elementor-widget elementor-widget-heading\" data-id=\"2339dc8\" data-element_type=\"widget\" data-e-type=\"widget\" data-widget_type=\"heading.default\">\n\t\t\t\t\t<h1 class=\"elementor-heading-title elementor-size-default\">H\u00e4ufig gestellte Fragen<\/h1>\t\t\t\t<\/div>\n\t\t\t\t<div class=\"elementor-element elementor-element-923fd26 elementor-widget elementor-widget-eael-feature-list\" data-id=\"923fd26\" data-element_type=\"widget\" data-e-type=\"widget\" data-widget_type=\"eael-feature-list.default\">\n\t\t\t\t\t\t\t<div class=\"-icon-position-left -tablet-icon-position-left -mobile-icon-position-left\">\n\t\t\t<ul id=\"eael-feature-list-923fd26\" class=\"eael-feature-list-items circle stacked  eael-feature-list-vertical\" data-layout-tablet=\"vertical\" data-layout-mobile=\"vertical\">\n\t\t\t                <li class=\"eael-feature-list-item elementor-repeater-item-c14934b\">\n                    \n\t\t\t\t\t\t<div class=\"eael-feature-list-icon-box\">\n\t\t\t\t\t\t\t<div class=\"eael-feature-list-icon-inner\">\n\n\t\t\t\t\t\t\t\t<span class=\"eael-feature-list-icon fl-icon-0\">\n\n\t\t<svg aria-hidden=\"true\" class=\"e-font-icon-svg e-far-comments\" viewBox=\"0 0 576 512\" xmlns=\"http:\/\/www.w3.org\/2000\/svg\"><path d=\"M532 386.2c27.5-27.1 44-61.1 44-98.2 0-80-76.5-146.1-176.2-157.9C368.3 72.5 294.3 32 208 32 93.1 32 0 103.6 0 192c0 37 16.5 71 44 98.2-15.3 30.7-37.3 54.5-37.7 54.9-6.3 6.7-8.1 16.5-4.4 25 3.6 8.5 12 14 21.2 14 53.5 0 96.7-20.2 125.2-38.8 9.2 2.1 18.7 3.7 28.4 4.9C208.1 407.6 281.8 448 368 448c20.8 0 40.8-2.4 59.8-6.8C456.3 459.7 499.4 480 553 480c9.2 0 17.5-5.5 21.2-14 3.6-8.5 1.9-18.3-4.4-25-.4-.3-22.5-24.1-37.8-54.8zm-392.8-92.3L122.1 305c-14.1 9.1-28.5 16.3-43.1 21.4 2.7-4.7 5.4-9.7 8-14.8l15.5-31.1L77.7 256C64.2 242.6 48 220.7 48 192c0-60.7 73.3-112 160-112s160 51.3 160 112-73.3 112-160 112c-16.5 0-33-1.9-49-5.6l-19.8-4.5zM498.3 352l-24.7 24.4 15.5 31.1c2.6 5.1 5.3 10.1 8 14.8-14.6-5.1-29-12.3-43.1-21.4l-17.1-11.1-19.9 4.6c-16 3.7-32.5 5.6-49 5.6-54 0-102.2-20.1-131.3-49.7C338 339.5 416 272.9 416 192c0-3.4-.4-6.7-.7-10C479.7 196.5 528 238.8 528 288c0 28.7-16.2 50.6-29.7 64z\"><\/path><\/svg>\t\t\t\t\t\t\t\t<\/span>\n\t\t\t\t\t\t\t<\/div>\n\t\t\t\t\t\t<\/div>\n\t\t\t\t\t\t<div class=\"eael-feature-list-content-box\">\n                            <h2 class=\"eael-feature-list-title\">Wie kann ich mitmachen?<\/h2>\t\t\t\t\t\t<p class=\"eael-feature-list-content\">Wir bieten Schnupperkurse an. Daf\u00fcr und f\u00fcr \u00e4hnliche Anfragen wenden Sie sich bitte per E-Mail an: vorstand@bsc-hohen-neuendorf.de. Wir bitten um Entschuldigung, dass wir derzeit mit solchen Anfragen \u00fcberlastet sind, weshalb es dauern kann, bis wir ein Angebot f\u00fcr Sie haben!<\/p>\n\t\t\t\t\t\t<\/div>\n\n\t\t\t\t\t<\/li>\n\t\t\t\t                <li class=\"eael-feature-list-item elementor-repeater-item-e877297\">\n                    \n\t\t\t\t\t\t<div class=\"eael-feature-list-icon-box\">\n\t\t\t\t\t\t\t<div class=\"eael-feature-list-icon-inner\">\n\n\t\t\t\t\t\t\t\t<span class=\"eael-feature-list-icon fl-icon-1\">\n\n\t\t<svg aria-hidden=\"true\" class=\"e-font-icon-svg e-fas-child\" viewBox=\"0 0 384 512\" xmlns=\"http:\/\/www.w3.org\/2000\/svg\"><path d=\"M120 72c0-39.765 32.235-72 72-72s72 32.235 72 72c0 39.764-32.235 72-72 72s-72-32.236-72-72zm254.627 1.373c-12.496-12.497-32.758-12.497-45.254 0L242.745 160H141.254L54.627 73.373c-12.496-12.497-32.758-12.497-45.254 0-12.497 12.497-12.497 32.758 0 45.255L104 213.254V480c0 17.673 14.327 32 32 32h16c17.673 0 32-14.327 32-32V368h16v112c0 17.673 14.327 32 32 32h16c17.673 0 32-14.327 32-32V213.254l94.627-94.627c12.497-12.497 12.497-32.757 0-45.254z\"><\/path><\/svg>\t\t\t\t\t\t\t\t<\/span>\n\t\t\t\t\t\t\t<\/div>\n\t\t\t\t\t\t<\/div>\n\t\t\t\t\t\t<div class=\"eael-feature-list-content-box\">\n                            <h2 class=\"eael-feature-list-title\">Ich habe eine Frage zum Kinderschutz<\/h2>\t\t\t\t\t\t<p class=\"eael-feature-list-content\">Die Kinderschutzbeauftragten sind per E-Mail unter kinderschutzbeauftragte@bsc-hohen-neuendorf.de (weibliche Ansprechpartnerin) bzw.  kinderschutzbeauftragter@bsc-hohen-neuendorf.de (m\u00e4nnlicher Ansprechpartner) zu erreichen und helfen immer gerne!<\/p>\n\t\t\t\t\t\t<\/div>\n\n\t\t\t\t\t<\/li>\n\t\t\t\t\t\t\t<\/ul>\n\t\t<\/div>\n\t\t\t\t\t\t<\/div>\n\t\t\t\t\t<\/div>\n\t\t\t\t<\/div>\n\t\t<div class=\"elementor-element elementor-element-a23e056 e-flex e-con-boxed e-con e-parent\" data-id=\"a23e056\" data-element_type=\"container\" data-e-type=\"container\">\n\t\t\t\t\t<div class=\"e-con-inner\">\n\t\t\t\t\t<\/div>\n\t\t\t\t<\/div>\n\t\t\t\t<\/div>\n\t\t","protected":false},"excerpt":{"rendered":"<p>Vereins-News 25.-26.04.: S\u00e4ngerstadtpokal in Finsterwalde Mit vierfach erstem Platz einzeln und einem im Team erreichten S\u00e4ngerstadtpokal kehren unsere Mitglieder sehr erfolgreich zur\u00fcck nach Hause! 18.04.: 11. Werderaner Bogenlauf Zum Werderaner Bogenlauf erzielten wir in Einzelwertung 2x Silber, 3x Bronze und jeweils 1x den 7. und 10. Platz! In der Staffel erreichten f\u00fcr uns mit nur [&hellip;]<\/p>\n","protected":false},"author":1,"featured_media":0,"parent":0,"menu_order":0,"comment_status":"closed","ping_status":"closed","template":"","meta":{"site-container-style":"default","site-container-layout":"default","site-sidebar-layout":"default","disable-article-header":"default","disable-site-header":"default","disable-site-footer":"default","disable-content-area-spacing":"default","footnotes":""},"class_list":["post-2","page","type-page","status-publish","hentry"],"_links":{"self":[{"href":"https:\/\/bsc-hohen-neuendorf.de\/index.php\/wp-json\/wp\/v2\/pages\/2","targetHints":{"allow":["GET"]}}],"collection":[{"href":"https:\/\/bsc-hohen-neuendorf.de\/index.php\/wp-json\/wp\/v2\/pages"}],"about":[{"href":"https:\/\/bsc-hohen-neuendorf.de\/index.php\/wp-json\/wp\/v2\/types\/page"}],"author":[{"embeddable":true,"href":"https:\/\/bsc-hohen-neuendorf.de\/index.php\/wp-json\/wp\/v2\/users\/1"}],"replies":[{"embeddable":true,"href":"https:\/\/bsc-hohen-neuendorf.de\/index.php\/wp-json\/wp\/v2\/comments?post=2"}],"version-history":[{"count":191,"href":"https:\/\/bsc-hohen-neuendorf.de\/index.php\/wp-json\/wp\/v2\/pages\/2\/revisions"}],"predecessor-version":[{"id":747,"href":"https:\/\/bsc-hohen-neuendorf.de\/index.php\/wp-json\/wp\/v2\/pages\/2\/revisions\/747"}],"wp:attachment":[{"href":"https:\/\/bsc-hohen-neuendorf.de\/index.php\/wp-json\/wp\/v2\/media?parent=2"}],"curies":[{"name":"wp","href":"https:\/\/api.w.org\/{rel}","templated":true}]}}