{"id":60,"date":"2025-08-09T09:05:11","date_gmt":"2025-08-09T09:05:11","guid":{"rendered":"https:\/\/bsc-hohen-neuendorf.de\/?page_id=60"},"modified":"2026-04-06T07:28:44","modified_gmt":"2026-04-06T07:28:44","slug":"unsere-bogentypen","status":"publish","type":"page","link":"https:\/\/bsc-hohen-neuendorf.de\/index.php\/unsere-bogentypen\/","title":{"rendered":"Unsere Bogentypen"},"content":{"rendered":"\t\t<div data-elementor-type=\"wp-page\" data-elementor-id=\"60\" class=\"elementor elementor-60\">\n\t\t\t\t<div class=\"elementor-element elementor-element-86c40d0 e-flex e-con-boxed e-con e-parent\" data-id=\"86c40d0\" data-element_type=\"container\" data-e-type=\"container\">\n\t\t\t\t\t<div class=\"e-con-inner\">\n\t\t<div class=\"elementor-element elementor-element-b420ebc e-grid e-con-full e-con e-child\" data-id=\"b420ebc\" data-element_type=\"container\" data-e-type=\"container\">\n\t\t\t\t<div class=\"elementor-element elementor-element-0ad1907 elementor-widget elementor-widget-text-editor\" data-id=\"0ad1907\" data-element_type=\"widget\" data-e-type=\"widget\" data-widget_type=\"text-editor.default\">\n\t\t\t\t\t\t\t\t\t<h2><strong>Recurvebogen<\/strong><\/h2><p>Die meisten unserer Mitglieder schie\u00dfen mit dem sogenannten Recurvebogen. Unter diesem Namen existieren zwei verschiedene Bogenklassen: (Recurve) <strong>Blank und<\/strong> (olympisches) <strong>Recurve<\/strong>. Der Blankbogen besteht im Grunde nur aus einem Mittelteil und den beiden Wurfarmen, welche aufgrund ihrer &#8222;zur\u00fcckgebogenen&#8220; Form &#8222;Recurve&#8220; genannt werden. (Olympische) Recurveb\u00f6gen haben neben Mittelteil und Wurfarmen weitere Bestandteile wie ein Zielvisier, welche beim Schie\u00dfen als Unterst\u00fctzung dienen. <strong>Kinder schie\u00dfen bei uns <\/strong>(olympisches)<strong> Recurve.<\/strong><\/p>\t\t\t\t\t\t\t\t<\/div>\n\t\t\t\t<div class=\"elementor-element elementor-element-a9bfc18 elementor-widget elementor-widget-image\" data-id=\"a9bfc18\" data-element_type=\"widget\" data-e-type=\"widget\" data-widget_type=\"image.default\">\n\t\t\t\t\t\t\t\t\t\t\t\t\t\t\t<img fetchpriority=\"high\" decoding=\"async\" width=\"768\" height=\"1024\" src=\"https:\/\/bsc-hohen-neuendorf.de\/wp-content\/uploads\/2025\/08\/P1200868-768x1024.jpg\" class=\"attachment-large size-large wp-image-63\" alt=\"\" srcset=\"https:\/\/bsc-hohen-neuendorf.de\/wp-content\/uploads\/2025\/08\/P1200868-768x1024.jpg 768w, https:\/\/bsc-hohen-neuendorf.de\/wp-content\/uploads\/2025\/08\/P1200868-225x300.jpg 225w, https:\/\/bsc-hohen-neuendorf.de\/wp-content\/uploads\/2025\/08\/P1200868-1152x1536.jpg 1152w, https:\/\/bsc-hohen-neuendorf.de\/wp-content\/uploads\/2025\/08\/P1200868-1536x2048.jpg 1536w, https:\/\/bsc-hohen-neuendorf.de\/wp-content\/uploads\/2025\/08\/P1200868-scaled.jpg 1920w\" sizes=\"(max-width: 768px) 100vw, 768px\" \/>\t\t\t\t\t\t\t\t\t\t\t\t\t\t\t<\/div>\n\t\t\t\t<div class=\"elementor-element elementor-element-8582a33 elementor-widget elementor-widget-image\" data-id=\"8582a33\" data-element_type=\"widget\" data-e-type=\"widget\" data-widget_type=\"image.default\">\n\t\t\t\t\t\t\t\t\t\t\t\t\t\t\t\t<a href=\"https:\/\/bsc-hohen-neuendorf.de\/wp-content\/uploads\/2025\/08\/P1180546-scaled.jpg\" data-elementor-open-lightbox=\"yes\" data-elementor-lightbox-title=\"P1180546\" data-e-action-hash=\"#elementor-action%3Aaction%3Dlightbox%26settings%3DeyJpZCI6NjIsInVybCI6Imh0dHBzOlwvXC9ic2MtaG9oZW4tbmV1ZW5kb3JmLmRlXC93cC1jb250ZW50XC91cGxvYWRzXC8yMDI1XC8wOFwvUDExODA1NDYtc2NhbGVkLmpwZyJ9\">\n\t\t\t\t\t\t\t<img decoding=\"async\" width=\"830\" height=\"1024\" src=\"https:\/\/bsc-hohen-neuendorf.de\/wp-content\/uploads\/2025\/08\/P1180546-830x1024.jpg\" class=\"attachment-large size-large wp-image-62\" alt=\"\" srcset=\"https:\/\/bsc-hohen-neuendorf.de\/wp-content\/uploads\/2025\/08\/P1180546-830x1024.jpg 830w, https:\/\/bsc-hohen-neuendorf.de\/wp-content\/uploads\/2025\/08\/P1180546-243x300.jpg 243w, https:\/\/bsc-hohen-neuendorf.de\/wp-content\/uploads\/2025\/08\/P1180546-768x948.jpg 768w, https:\/\/bsc-hohen-neuendorf.de\/wp-content\/uploads\/2025\/08\/P1180546-1245x1536.jpg 1245w, https:\/\/bsc-hohen-neuendorf.de\/wp-content\/uploads\/2025\/08\/P1180546-1660x2048.jpg 1660w\" sizes=\"(max-width: 830px) 100vw, 830px\" \/>\t\t\t\t\t\t\t\t<\/a>\n\t\t\t\t\t\t\t\t\t\t\t\t\t\t\t<\/div>\n\t\t\t\t<div class=\"elementor-element elementor-element-286d7fb elementor-widget elementor-widget-image\" data-id=\"286d7fb\" data-element_type=\"widget\" data-e-type=\"widget\" data-widget_type=\"image.default\">\n\t\t\t\t\t\t\t\t\t\t\t\t\t\t\t<img decoding=\"async\" width=\"1024\" height=\"863\" src=\"https:\/\/bsc-hohen-neuendorf.de\/wp-content\/uploads\/2025\/08\/P1220187-1024x863.jpg\" class=\"attachment-large size-large wp-image-64\" alt=\"\" srcset=\"https:\/\/bsc-hohen-neuendorf.de\/wp-content\/uploads\/2025\/08\/P1220187-1024x863.jpg 1024w, https:\/\/bsc-hohen-neuendorf.de\/wp-content\/uploads\/2025\/08\/P1220187-300x253.jpg 300w, https:\/\/bsc-hohen-neuendorf.de\/wp-content\/uploads\/2025\/08\/P1220187-768x647.jpg 768w, https:\/\/bsc-hohen-neuendorf.de\/wp-content\/uploads\/2025\/08\/P1220187-1536x1295.jpg 1536w, https:\/\/bsc-hohen-neuendorf.de\/wp-content\/uploads\/2025\/08\/P1220187-2048x1726.jpg 2048w\" sizes=\"(max-width: 1024px) 100vw, 1024px\" \/>\t\t\t\t\t\t\t\t\t\t\t\t\t\t\t<\/div>\n\t\t\t\t<div class=\"elementor-element elementor-element-ebace50 elementor-widget elementor-widget-text-editor\" data-id=\"ebace50\" data-element_type=\"widget\" data-e-type=\"widget\" data-widget_type=\"text-editor.default\">\n\t\t\t\t\t\t\t\t\t<h2>Jagd- und Langbogen<\/h2><p>Jagd- und Langb\u00f6gen sind bei uns auch zu finden. Diese sehen genau so aus, <strong>wie man sich einen Bogen traditionell vorstellt<\/strong>: Ein einzelnes, gebogenes St\u00fcck Holz mit einer Sehne und einer Stelle, wo man den Pfeil auflegt. Die Pfeile bestehen hierbei nicht selten aus Holz und haben meist gr\u00f6\u00dfere, auff\u00e4lligere Fletschen (Federn) als Recurveb\u00f6gen. F\u00fcr viele, die mit diesen B\u00f6gen schie\u00dfen, l\u00e4uft es vor allem sehr <strong>intuitiv<\/strong> ab und ist f\u00fcr sie weniger auf das Zielen fokussiert.<\/p>\t\t\t\t\t\t\t\t<\/div>\n\t\t\t\t<div class=\"elementor-element elementor-element-2fb6721 elementor-widget elementor-widget-image\" data-id=\"2fb6721\" data-element_type=\"widget\" data-e-type=\"widget\" data-widget_type=\"image.default\">\n\t\t\t\t\t\t\t\t\t\t\t\t\t\t\t<img loading=\"lazy\" decoding=\"async\" width=\"494\" height=\"778\" src=\"https:\/\/bsc-hohen-neuendorf.de\/wp-content\/uploads\/2025\/08\/18ad0i2ap90_2ku0cxv9wq5_6512981_6be51549-be19-4a1f-bbcd-06615d6c0f06.jpg\" class=\"attachment-large size-large wp-image-67\" alt=\"\" srcset=\"https:\/\/bsc-hohen-neuendorf.de\/wp-content\/uploads\/2025\/08\/18ad0i2ap90_2ku0cxv9wq5_6512981_6be51549-be19-4a1f-bbcd-06615d6c0f06.jpg 494w, https:\/\/bsc-hohen-neuendorf.de\/wp-content\/uploads\/2025\/08\/18ad0i2ap90_2ku0cxv9wq5_6512981_6be51549-be19-4a1f-bbcd-06615d6c0f06-190x300.jpg 190w\" sizes=\"(max-width: 494px) 100vw, 494px\" \/>\t\t\t\t\t\t\t\t\t\t\t\t\t\t\t<\/div>\n\t\t\t\t<div class=\"elementor-element elementor-element-11212fa elementor-widget elementor-widget-text-editor\" data-id=\"11212fa\" data-element_type=\"widget\" data-e-type=\"widget\" data-widget_type=\"text-editor.default\">\n\t\t\t\t\t\t\t\t\t<h2>Compoundbogen<\/h2><p>Seltener, aber auch vertreten, ist bei uns der Compoundbogen. Mithilfe eines<strong> Systems, das an einen Flaschenzug erinnert,<\/strong>\u00a0kann man diesen besonders lang voll ausgezogen ruhig halten und dementsprechend <strong>gr\u00fcndlich<\/strong> zielen. <strong>Wer Technik liebt, wird sich hier wiederfinden.<\/strong> Von Linsensystemen f\u00fcr eine Vergr\u00f6\u00dferung des Ziels bis hin zu Wasserwaagen f\u00fcr die perfekte Ausrichtung sind hier <strong>viele verschiedene Extrateile erlaubt<\/strong> und einiges an Spielraum f\u00fcr immer bessere Ausr\u00fcstung!<\/p>\t\t\t\t\t\t\t\t<\/div>\n\t\t\t\t<div class=\"elementor-element elementor-element-ede49a4 elementor-widget elementor-widget-image\" data-id=\"ede49a4\" data-element_type=\"widget\" data-e-type=\"widget\" data-widget_type=\"image.default\">\n\t\t\t\t\t\t\t\t\t\t\t\t\t\t\t<img loading=\"lazy\" decoding=\"async\" width=\"659\" height=\"1024\" src=\"https:\/\/bsc-hohen-neuendorf.de\/wp-content\/uploads\/2025\/08\/unnamed-659x1024.jpg\" class=\"attachment-large size-large wp-image-143\" alt=\"\" srcset=\"https:\/\/bsc-hohen-neuendorf.de\/wp-content\/uploads\/2025\/08\/unnamed-659x1024.jpg 659w, https:\/\/bsc-hohen-neuendorf.de\/wp-content\/uploads\/2025\/08\/unnamed-193x300.jpg 193w, https:\/\/bsc-hohen-neuendorf.de\/wp-content\/uploads\/2025\/08\/unnamed-768x1194.jpg 768w, https:\/\/bsc-hohen-neuendorf.de\/wp-content\/uploads\/2025\/08\/unnamed-988x1536.jpg 988w, https:\/\/bsc-hohen-neuendorf.de\/wp-content\/uploads\/2025\/08\/unnamed-1318x2048.jpg 1318w, https:\/\/bsc-hohen-neuendorf.de\/wp-content\/uploads\/2025\/08\/unnamed.jpg 1610w\" sizes=\"(max-width: 659px) 100vw, 659px\" \/>\t\t\t\t\t\t\t\t\t\t\t\t\t\t\t<\/div>\n\t\t\t\t<div class=\"elementor-element elementor-element-dd0c199 elementor-widget elementor-widget-text-editor\" data-id=\"dd0c199\" data-element_type=\"widget\" data-e-type=\"widget\" data-widget_type=\"text-editor.default\">\n\t\t\t\t\t\t\t\t\t<h2>Schlusswort<\/h2><p>Egal, welchen Bogen man nutzt \u2013 vom besonderen St\u00fcck Holz bis zur ausgekl\u00fcgelsten Hochtechnik\u00a0 \u2013 eins haben alle gemeinsam: Ohne eine gute Schusstechnik und viel \u00dcben trifft man nicht. Es gibt bei allen Bogentypen <strong>nicht den einen perfekten Ablauf<\/strong>. Stattdessen m\u00fcssen alle f\u00fcr sich \u00fcber die Zeit hinweg herausfinden, welche Schritte f\u00fcr sie in welcher Weise am besten funktionieren. Schaffen sie es, das dann gleichm\u00e4\u00dfig umzusetzen, werden sie am Ende auch oft die gelbe Scheibenmitte treffen k\u00f6nnen. Oder wie wir sagen:<\/p><h3><strong>Alles ins Gold!<\/strong><\/h3>\t\t\t\t\t\t\t\t<\/div>\n\t\t\t\t<\/div>\n\t\t\t\t\t<\/div>\n\t\t\t\t<\/div>\n\t\t\t\t<\/div>\n\t\t","protected":false},"excerpt":{"rendered":"<p>Recurvebogen Die meisten unserer Mitglieder schie\u00dfen mit dem sogenannten Recurvebogen. Unter diesem Namen existieren zwei verschiedene Bogenklassen: (Recurve) Blank und (olympisches) Recurve. Der Blankbogen besteht im Grunde nur aus einem Mittelteil und den beiden Wurfarmen, welche aufgrund ihrer &#8222;zur\u00fcckgebogenen&#8220; Form &#8222;Recurve&#8220; genannt werden. (Olympische) Recurveb\u00f6gen haben neben Mittelteil und Wurfarmen weitere Bestandteile wie ein Zielvisier, [&hellip;]<\/p>\n","protected":false},"author":1,"featured_media":0,"parent":0,"menu_order":0,"comment_status":"closed","ping_status":"closed","template":"","meta":{"site-container-style":"default","site-container-layout":"default","site-sidebar-layout":"default","disable-article-header":"default","disable-site-header":"default","disable-site-footer":"default","disable-content-area-spacing":"default","footnotes":""},"class_list":["post-60","page","type-page","status-publish","hentry"],"_links":{"self":[{"href":"https:\/\/bsc-hohen-neuendorf.de\/index.php\/wp-json\/wp\/v2\/pages\/60","targetHints":{"allow":["GET"]}}],"collection":[{"href":"https:\/\/bsc-hohen-neuendorf.de\/index.php\/wp-json\/wp\/v2\/pages"}],"about":[{"href":"https:\/\/bsc-hohen-neuendorf.de\/index.php\/wp-json\/wp\/v2\/types\/page"}],"author":[{"embeddable":true,"href":"https:\/\/bsc-hohen-neuendorf.de\/index.php\/wp-json\/wp\/v2\/users\/1"}],"replies":[{"embeddable":true,"href":"https:\/\/bsc-hohen-neuendorf.de\/index.php\/wp-json\/wp\/v2\/comments?post=60"}],"version-history":[{"count":34,"href":"https:\/\/bsc-hohen-neuendorf.de\/index.php\/wp-json\/wp\/v2\/pages\/60\/revisions"}],"predecessor-version":[{"id":714,"href":"https:\/\/bsc-hohen-neuendorf.de\/index.php\/wp-json\/wp\/v2\/pages\/60\/revisions\/714"}],"wp:attachment":[{"href":"https:\/\/bsc-hohen-neuendorf.de\/index.php\/wp-json\/wp\/v2\/media?parent=60"}],"curies":[{"name":"wp","href":"https:\/\/api.w.org\/{rel}","templated":true}]}}